{"id":4315,"date":"2024-03-18T19:48:31","date_gmt":"2024-03-18T18:48:31","guid":{"rendered":"http:\/\/18.159.216.47\/?page_id=4315"},"modified":"2024-06-08T11:49:35","modified_gmt":"2024-06-08T09:49:35","slug":"gruppo-sm-ty-page-no-ok","status":"publish","type":"page","link":"https:\/\/consulenza-finanziaria.org\/index.php\/gruppo-sm-ty-page-no-ok\/","title":{"rendered":"Gruppo SM &#8211; TY Page &#8211; No OK"},"content":{"rendered":"\t\t<div data-elementor-type=\"wp-page\" data-elementor-id=\"4315\" class=\"elementor elementor-4315\" data-elementor-post-type=\"page\">\n\t\t\t\t\t\t<section class=\"elementor-section elementor-top-section elementor-element elementor-element-5d074edc elementor-section-boxed elementor-section-height-default elementor-section-height-default\" data-id=\"5d074edc\" data-element_type=\"section\" data-e-type=\"section\" data-settings=\"{&quot;background_background&quot;:&quot;classic&quot;}\">\n\t\t\t\t\t\t<div class=\"elementor-container elementor-column-gap-no\">\n\t\t\t\t\t<div class=\"elementor-column elementor-col-100 elementor-top-column elementor-element elementor-element-57491488\" data-id=\"57491488\" data-element_type=\"column\" data-e-type=\"column\" data-settings=\"{&quot;background_background&quot;:&quot;classic&quot;}\">\n\t\t\t<div class=\"elementor-widget-wrap elementor-element-populated\">\n\t\t\t\t\t\t<section class=\"elementor-section elementor-inner-section elementor-element elementor-element-21f8c350 elementor-section-full_width elementor-section-height-default elementor-section-height-default\" data-id=\"21f8c350\" data-element_type=\"section\" data-e-type=\"section\" data-settings=\"{&quot;background_background&quot;:&quot;classic&quot;}\">\n\t\t\t\t\t\t<div class=\"elementor-container elementor-column-gap-no\">\n\t\t\t\t\t<div class=\"elementor-column elementor-col-100 elementor-inner-column elementor-element elementor-element-2c656917\" data-id=\"2c656917\" data-element_type=\"column\" data-e-type=\"column\">\n\t\t\t<div class=\"elementor-widget-wrap elementor-element-populated\">\n\t\t\t\t\t\t<div class=\"elementor-element elementor-element-214fc96e elementor-widget elementor-widget-spacer\" data-id=\"214fc96e\" data-element_type=\"widget\" data-e-type=\"widget\" data-widget_type=\"spacer.default\">\n\t\t\t\t<div class=\"elementor-widget-container\">\n\t\t\t\t\t\t\t<div class=\"elementor-spacer\">\n\t\t\t<div class=\"elementor-spacer-inner\"><\/div>\n\t\t<\/div>\n\t\t\t\t\t\t<\/div>\n\t\t\t\t<\/div>\n\t\t\t\t<div class=\"elementor-element elementor-element-7ca15cd8 elementor-widget elementor-widget-heading\" data-id=\"7ca15cd8\" data-element_type=\"widget\" data-e-type=\"widget\" data-widget_type=\"heading.default\">\n\t\t\t\t<div class=\"elementor-widget-container\">\n\t\t\t\t\t<h1 class=\"elementor-heading-title elementor-size-default\"><b>Grazie, abbiamo ricevuto la tua richiesta di preventivo:<\/b><\/h1>\t\t\t\t<\/div>\n\t\t\t\t<\/div>\n\t\t\t\t<div class=\"elementor-element elementor-element-f7accd6 elementor-widget elementor-widget-text-editor\" data-id=\"f7accd6\" data-element_type=\"widget\" data-e-type=\"widget\" data-widget_type=\"text-editor.default\">\n\t\t\t\t<div class=\"elementor-widget-container\">\n\t\t\t\t\t\t\t\t\t<p><b>Cosa succede adesso?&nbsp;<\/b><\/p>\n<p><b>Resta in attesa, ti metteremo in contatto con un consulente il prima possibile.&nbsp;<\/b><\/p>\n<p>Assicurati di tenere d&#8217;occhio il telefono per non perderti la chiamata.&nbsp;<\/p>\t\t\t\t\t\t\t\t<\/div>\n\t\t\t\t<\/div>\n\t\t\t\t\t<\/div>\n\t\t<\/div>\n\t\t\t\t\t<\/div>\n\t\t<\/section>\n\t\t\t\t\t<\/div>\n\t\t<\/div>\n\t\t\t\t\t<\/div>\n\t\t<\/section>\n\t\t\t\t<section class=\"elementor-section elementor-top-section elementor-element elementor-element-23b95cda elementor-section-boxed elementor-section-height-default elementor-section-height-default\" data-id=\"23b95cda\" data-element_type=\"section\" data-e-type=\"section\" data-settings=\"{&quot;background_background&quot;:&quot;classic&quot;}\">\n\t\t\t\t\t\t<div class=\"elementor-container elementor-column-gap-default\">\n\t\t\t\t\t<div class=\"elementor-column elementor-col-100 elementor-top-column elementor-element elementor-element-72c2b4ed\" data-id=\"72c2b4ed\" data-element_type=\"column\" data-e-type=\"column\">\n\t\t\t<div class=\"elementor-widget-wrap elementor-element-populated\">\n\t\t\t\t\t\t<section class=\"elementor-section elementor-inner-section elementor-element elementor-element-b2a29ae elementor-section-boxed elementor-section-height-default elementor-section-height-default\" data-id=\"b2a29ae\" data-element_type=\"section\" data-e-type=\"section\">\n\t\t\t\t\t\t<div class=\"elementor-container elementor-column-gap-default\">\n\t\t\t\t\t<div class=\"elementor-column elementor-col-100 elementor-inner-column elementor-element elementor-element-d8bb8a4\" data-id=\"d8bb8a4\" data-element_type=\"column\" data-e-type=\"column\">\n\t\t\t<div class=\"elementor-widget-wrap\">\n\t\t\t\t\t\t\t<\/div>\n\t\t<\/div>\n\t\t\t\t\t<\/div>\n\t\t<\/section>\n\t\t\t\t<div class=\"elementor-element elementor-element-f8fcf54 elementor-widget-divider--view-line elementor-widget elementor-widget-divider\" data-id=\"f8fcf54\" data-element_type=\"widget\" data-e-type=\"widget\" data-widget_type=\"divider.default\">\n\t\t\t\t<div class=\"elementor-widget-container\">\n\t\t\t\t\t\t\t<div class=\"elementor-divider\">\n\t\t\t<span class=\"elementor-divider-separator\">\n\t\t\t\t\t\t<\/span>\n\t\t<\/div>\n\t\t\t\t\t\t<\/div>\n\t\t\t\t<\/div>\n\t\t\t\t<div class=\"elementor-element elementor-element-b77e5ce elementor-widget elementor-widget-text-editor\" data-id=\"b77e5ce\" data-element_type=\"widget\" data-e-type=\"widget\" data-widget_type=\"text-editor.default\">\n\t\t\t\t<div class=\"elementor-widget-container\">\n\t\t\t\t\t\t\t\t\t<p>Questa \u00e8 una pubblicit\u00e0 e non un articolo di notizie, un blog o un aggiornamento sulla protezione dei consumatori. Ci dedichiamo a portare ai lettori informazioni preziose che possono aiutarli a realizzare i loro obiettivi finanziari, tramite anche l\u2019impiego di tecniche di storytelling per illustrare i servizi proposti. Le storie raccontate in questa pagina pertanto costituiscono una pubblicit\u00e0 con scopo informativo, funziona a far comprendere il potenziale di quanto proposto. Questa pagina \u00e8 una pubblicit\u00e0. Ci auguriamo che troviate la nostra risorsa online informativa e utile. Messaggio pubblicitario con finalit\u00e0 promozionale. Finanziamenti soggetti ad approvazione ed erogazione dell\u2019istituto erogante.\u00a0<\/p>\t\t\t\t\t\t\t\t<\/div>\n\t\t\t\t<\/div>\n\t\t\t\t\t<\/div>\n\t\t<\/div>\n\t\t\t\t\t<\/div>\n\t\t<\/section>\n\t\t\t\t<\/div>\n\t\t","protected":false},"excerpt":{"rendered":"<p>Grazie, abbiamo ricevuto la tua richiesta di preventivo: Cosa succede adesso?&nbsp; Resta in attesa, ti metteremo in contatto con un consulente il prima possibile.&nbsp; Assicurati di tenere d&#8217;occhio il telefono per non perderti la chiamata.&nbsp; Questa \u00e8 una pubblicit\u00e0 e non un articolo di notizie, un blog o un aggiornamento sulla protezione dei consumatori. Ci [&hellip;]<\/p>\n","protected":false},"author":1,"featured_media":0,"parent":0,"menu_order":0,"comment_status":"closed","ping_status":"closed","template":"elementor_canvas","meta":{"footnotes":""},"folder":[20],"class_list":["post-4315","page","type-page","status-publish","hentry"],"yoast_head":"<!-- This site is optimized with the Yoast SEO plugin v27.4 - https:\/\/yoast.com\/product\/yoast-seo-wordpress\/ -->\n<title>Migliori Prestiti 2024<\/title>\n<meta name=\"robots\" content=\"index, follow, max-snippet:-1, max-image-preview:large, max-video-preview:-1\" \/>\n<link rel=\"canonical\" href=\"https:\/\/caricamento-articolo-in-corso.com\/index.php\/gruppo-sm-ty-page-no-ok\/\" \/>\n<meta property=\"og:locale\" content=\"it_IT\" \/>\n<meta property=\"og:type\" content=\"article\" \/>\n<meta property=\"og:title\" content=\"Migliori Prestiti 2024\" \/>\n<meta property=\"og:description\" content=\"Grazie, abbiamo ricevuto la tua richiesta di preventivo: Cosa succede adesso?&nbsp; Resta in attesa, ti metteremo in contatto con un consulente il prima possibile.&nbsp; Assicurati di tenere d&#8217;occhio il telefono per non perderti la chiamata.&nbsp; Questa \u00e8 una pubblicit\u00e0 e non un articolo di notizie, un blog o un aggiornamento sulla protezione dei consumatori. Ci [&hellip;]\" \/>\n<meta property=\"og:url\" content=\"https:\/\/caricamento-articolo-in-corso.com\/index.php\/gruppo-sm-ty-page-no-ok\/\" \/>\n<meta property=\"og:site_name\" content=\"Notizie Aggiornate\" \/>\n<meta property=\"article:modified_time\" content=\"2024-06-08T09:49:35+00:00\" \/>\n<meta name=\"twitter:card\" content=\"summary_large_image\" \/>\n<meta name=\"twitter:label1\" content=\"Tempo di lettura stimato\" \/>\n\t<meta name=\"twitter:data1\" content=\"1 minuto\" \/>\n<script type=\"application\/ld+json\" class=\"yoast-schema-graph\">{\"@context\":\"https:\\\/\\\/schema.org\",\"@graph\":[{\"@type\":\"WebPage\",\"@id\":\"https:\\\/\\\/caricamento-articolo-in-corso.com\\\/index.php\\\/gruppo-sm-ty-page-no-ok\\\/\",\"url\":\"https:\\\/\\\/caricamento-articolo-in-corso.com\\\/index.php\\\/gruppo-sm-ty-page-no-ok\\\/\",\"name\":\"Migliori Prestiti 2024\",\"isPartOf\":{\"@id\":\"https:\\\/\\\/terapie-efficaci.com\\\/#website\"},\"datePublished\":\"2024-03-18T18:48:31+00:00\",\"dateModified\":\"2024-06-08T09:49:35+00:00\",\"breadcrumb\":{\"@id\":\"https:\\\/\\\/caricamento-articolo-in-corso.com\\\/index.php\\\/gruppo-sm-ty-page-no-ok\\\/#breadcrumb\"},\"inLanguage\":\"it-IT\",\"potentialAction\":[{\"@type\":\"ReadAction\",\"target\":[\"https:\\\/\\\/caricamento-articolo-in-corso.com\\\/index.php\\\/gruppo-sm-ty-page-no-ok\\\/\"]}]},{\"@type\":\"BreadcrumbList\",\"@id\":\"https:\\\/\\\/caricamento-articolo-in-corso.com\\\/index.php\\\/gruppo-sm-ty-page-no-ok\\\/#breadcrumb\",\"itemListElement\":[{\"@type\":\"ListItem\",\"position\":1,\"name\":\"Home\",\"item\":\"https:\\\/\\\/terapie-efficaci.com\\\/\"},{\"@type\":\"ListItem\",\"position\":2,\"name\":\"Gruppo SM &#8211; TY Page &#8211; No OK\"}]},{\"@type\":\"WebSite\",\"@id\":\"https:\\\/\\\/terapie-efficaci.com\\\/#website\",\"url\":\"https:\\\/\\\/terapie-efficaci.com\\\/\",\"name\":\"Notizie Aggiornate\",\"description\":\"\",\"potentialAction\":[{\"@type\":\"SearchAction\",\"target\":{\"@type\":\"EntryPoint\",\"urlTemplate\":\"https:\\\/\\\/terapie-efficaci.com\\\/?s={search_term_string}\"},\"query-input\":{\"@type\":\"PropertyValueSpecification\",\"valueRequired\":true,\"valueName\":\"search_term_string\"}}],\"inLanguage\":\"it-IT\"}]}<\/script>\n<!-- \/ Yoast SEO plugin. -->","yoast_head_json":{"title":"Migliori Prestiti 2024","robots":{"index":"index","follow":"follow","max-snippet":"max-snippet:-1","max-image-preview":"max-image-preview:large","max-video-preview":"max-video-preview:-1"},"canonical":"https:\/\/caricamento-articolo-in-corso.com\/index.php\/gruppo-sm-ty-page-no-ok\/","og_locale":"it_IT","og_type":"article","og_title":"Migliori Prestiti 2024","og_description":"Grazie, abbiamo ricevuto la tua richiesta di preventivo: Cosa succede adesso?&nbsp; Resta in attesa, ti metteremo in contatto con un consulente il prima possibile.&nbsp; Assicurati di tenere d&#8217;occhio il telefono per non perderti la chiamata.&nbsp; Questa \u00e8 una pubblicit\u00e0 e non un articolo di notizie, un blog o un aggiornamento sulla protezione dei consumatori. Ci [&hellip;]","og_url":"https:\/\/caricamento-articolo-in-corso.com\/index.php\/gruppo-sm-ty-page-no-ok\/","og_site_name":"Notizie Aggiornate","article_modified_time":"2024-06-08T09:49:35+00:00","twitter_card":"summary_large_image","twitter_misc":{"Tempo di lettura stimato":"1 minuto"},"schema":{"@context":"https:\/\/schema.org","@graph":[{"@type":"WebPage","@id":"https:\/\/caricamento-articolo-in-corso.com\/index.php\/gruppo-sm-ty-page-no-ok\/","url":"https:\/\/caricamento-articolo-in-corso.com\/index.php\/gruppo-sm-ty-page-no-ok\/","name":"Migliori Prestiti 2024","isPartOf":{"@id":"https:\/\/terapie-efficaci.com\/#website"},"datePublished":"2024-03-18T18:48:31+00:00","dateModified":"2024-06-08T09:49:35+00:00","breadcrumb":{"@id":"https:\/\/caricamento-articolo-in-corso.com\/index.php\/gruppo-sm-ty-page-no-ok\/#breadcrumb"},"inLanguage":"it-IT","potentialAction":[{"@type":"ReadAction","target":["https:\/\/caricamento-articolo-in-corso.com\/index.php\/gruppo-sm-ty-page-no-ok\/"]}]},{"@type":"BreadcrumbList","@id":"https:\/\/caricamento-articolo-in-corso.com\/index.php\/gruppo-sm-ty-page-no-ok\/#breadcrumb","itemListElement":[{"@type":"ListItem","position":1,"name":"Home","item":"https:\/\/terapie-efficaci.com\/"},{"@type":"ListItem","position":2,"name":"Gruppo SM &#8211; TY Page &#8211; No OK"}]},{"@type":"WebSite","@id":"https:\/\/terapie-efficaci.com\/#website","url":"https:\/\/terapie-efficaci.com\/","name":"Notizie Aggiornate","description":"","potentialAction":[{"@type":"SearchAction","target":{"@type":"EntryPoint","urlTemplate":"https:\/\/terapie-efficaci.com\/?s={search_term_string}"},"query-input":{"@type":"PropertyValueSpecification","valueRequired":true,"valueName":"search_term_string"}}],"inLanguage":"it-IT"}]}},"_links":{"self":[{"href":"https:\/\/consulenza-finanziaria.org\/index.php\/wp-json\/wp\/v2\/pages\/4315","targetHints":{"allow":["GET"]}}],"collection":[{"href":"https:\/\/consulenza-finanziaria.org\/index.php\/wp-json\/wp\/v2\/pages"}],"about":[{"href":"https:\/\/consulenza-finanziaria.org\/index.php\/wp-json\/wp\/v2\/types\/page"}],"author":[{"embeddable":true,"href":"https:\/\/consulenza-finanziaria.org\/index.php\/wp-json\/wp\/v2\/users\/1"}],"replies":[{"embeddable":true,"href":"https:\/\/consulenza-finanziaria.org\/index.php\/wp-json\/wp\/v2\/comments?post=4315"}],"version-history":[{"count":16,"href":"https:\/\/consulenza-finanziaria.org\/index.php\/wp-json\/wp\/v2\/pages\/4315\/revisions"}],"predecessor-version":[{"id":7309,"href":"https:\/\/consulenza-finanziaria.org\/index.php\/wp-json\/wp\/v2\/pages\/4315\/revisions\/7309"}],"wp:attachment":[{"href":"https:\/\/consulenza-finanziaria.org\/index.php\/wp-json\/wp\/v2\/media?parent=4315"}],"wp:term":[{"taxonomy":"folder","embeddable":true,"href":"https:\/\/consulenza-finanziaria.org\/index.php\/wp-json\/wp\/v2\/folder?post=4315"}],"curies":[{"name":"wp","href":"https:\/\/api.w.org\/{rel}","templated":true}]}}